{"id":3175,"date":"2025-03-03T09:01:32","date_gmt":"2025-03-03T06:01:32","guid":{"rendered":"https:\/\/bilimdent.com\/?page_id=3175"},"modified":"2025-04-11T10:15:00","modified_gmt":"2025-04-11T07:15:00","slug":"bashekim-mesaji","status":"publish","type":"page","link":"https:\/\/bilimdent.com\/?page_id=3175&lang=tr","title":{"rendered":"Ba\u015fhekim Mesaj\u0131"},"content":{"rendered":"\t\t<div data-elementor-type=\"wp-page\" data-elementor-id=\"3175\" class=\"elementor elementor-3175\">\n\t\t\t\t\t\t\t\t\t<section class=\"elementor-section elementor-top-section elementor-element elementor-element-30e6e4e elementor-section-boxed elementor-section-height-default elementor-section-height-default\" data-id=\"30e6e4e\" data-element_type=\"section\" data-settings=\"{&quot;background_background&quot;:&quot;classic&quot;,&quot;shape_divider_bottom&quot;:&quot;curve&quot;,&quot;shape_divider_bottom_negative&quot;:&quot;yes&quot;}\">\n\t\t\t\t\t\t\t<div class=\"elementor-background-overlay\"><\/div>\n\t\t\t\t\t\t<div class=\"elementor-shape elementor-shape-bottom\" data-negative=\"true\">\n\t\t\t<svg xmlns=\"http:\/\/www.w3.org\/2000\/svg\" viewBox=\"0 0 1000 100\" preserveAspectRatio=\"none\">\n\t<path class=\"elementor-shape-fill\" d=\"M500,97C126.7,96.3,0.8,19.8,0,0v100l1000,0V1C1000,19.4,873.3,97.8,500,97z\"\/>\n<\/svg>\t\t<\/div>\n\t\t\t\t\t<div class=\"elementor-container elementor-column-gap-default\">\n\t\t\t\t\t<div class=\"elementor-column elementor-col-100 elementor-top-column elementor-element elementor-element-587b764 animated-slow elementor-invisible\" data-id=\"587b764\" data-element_type=\"column\" data-settings=\"{&quot;animation&quot;:&quot;fadeInDown&quot;}\">\n\t\t\t<div class=\"elementor-widget-wrap elementor-element-populated\">\n\t\t\t\t\t\t\t\t<div class=\"elementor-element elementor-element-dc05956 elementor-widget elementor-widget-heading\" data-id=\"dc05956\" data-element_type=\"widget\" data-widget_type=\"heading.default\">\n\t\t\t\t<div class=\"elementor-widget-container\">\n\t\t\t<style>\/*! elementor - v3.6.6 - 08-06-2022 *\/\n.elementor-heading-title{padding:0;margin:0;line-height:1}.elementor-widget-heading .elementor-heading-title[class*=elementor-size-]>a{color:inherit;font-size:inherit;line-height:inherit}.elementor-widget-heading .elementor-heading-title.elementor-size-small{font-size:15px}.elementor-widget-heading .elementor-heading-title.elementor-size-medium{font-size:19px}.elementor-widget-heading .elementor-heading-title.elementor-size-large{font-size:29px}.elementor-widget-heading .elementor-heading-title.elementor-size-xl{font-size:39px}.elementor-widget-heading .elementor-heading-title.elementor-size-xxl{font-size:59px}<\/style><h2 class=\"elementor-heading-title elementor-size-default\">Ba\u015fhekim Mesaj\u0131<\/h2>\t\t<\/div>\n\t\t\t\t<\/div>\n\t\t\t\t<div class=\"elementor-element elementor-element-16fd3b2 elementor-align-left elementor-widget__width-auto elementor-icon-list--layout-traditional elementor-list-item-link-full_width elementor-widget elementor-widget-icon-list\" data-id=\"16fd3b2\" data-element_type=\"widget\" data-widget_type=\"icon-list.default\">\n\t\t\t\t<div class=\"elementor-widget-container\">\n\t\t\t<link rel=\"stylesheet\" href=\"https:\/\/bilimdent.com\/wp-content\/plugins\/elementor\/assets\/css\/widget-icon-list.min.css\">\t\t<ul class=\"elementor-icon-list-items\">\n\t\t\t\t\t\t\t<li class=\"elementor-icon-list-item\">\n\t\t\t\t\t\t\t\t\t\t\t<span class=\"elementor-icon-list-icon\">\n\t\t\t\t\t\t\t<i aria-hidden=\"true\" class=\"fas fa-home\"><\/i>\t\t\t\t\t\t<\/span>\n\t\t\t\t\t\t\t\t\t\t<span class=\"elementor-icon-list-text\">Anasayfa<\/span>\n\t\t\t\t\t\t\t\t\t<\/li>\n\t\t\t\t\t\t<\/ul>\n\t\t\t\t<\/div>\n\t\t\t\t<\/div>\n\t\t\t\t<div class=\"elementor-element elementor-element-97cec8b elementor-align-left elementor-widget__width-auto elementor-icon-list--layout-traditional elementor-list-item-link-full_width elementor-widget elementor-widget-icon-list\" data-id=\"97cec8b\" data-element_type=\"widget\" data-widget_type=\"icon-list.default\">\n\t\t\t\t<div class=\"elementor-widget-container\">\n\t\t\t\t\t<ul class=\"elementor-icon-list-items\">\n\t\t\t\t\t\t\t<li class=\"elementor-icon-list-item\">\n\t\t\t\t\t\t\t\t\t\t<span class=\"elementor-icon-list-text\">\/<\/span>\n\t\t\t\t\t\t\t\t\t<\/li>\n\t\t\t\t\t\t<\/ul>\n\t\t\t\t<\/div>\n\t\t\t\t<\/div>\n\t\t\t\t<div class=\"elementor-element elementor-element-33cb7b6 elementor-align-left elementor-widget__width-auto elementor-icon-list--layout-traditional elementor-list-item-link-full_width elementor-widget elementor-widget-icon-list\" data-id=\"33cb7b6\" data-element_type=\"widget\" data-widget_type=\"icon-list.default\">\n\t\t\t\t<div class=\"elementor-widget-container\">\n\t\t\t\t\t<ul class=\"elementor-icon-list-items\">\n\t\t\t\t\t\t\t<li class=\"elementor-icon-list-item\">\n\t\t\t\t\t\t\t\t\t\t\t<span class=\"elementor-icon-list-icon\">\n\t\t\t\t\t\t\t<i aria-hidden=\"true\" class=\"fas fa-tooth\"><\/i>\t\t\t\t\t\t<\/span>\n\t\t\t\t\t\t\t\t\t\t<span class=\"elementor-icon-list-text\">Ba\u015fhekim Mesaj\u0131<\/span>\n\t\t\t\t\t\t\t\t\t<\/li>\n\t\t\t\t\t\t<\/ul>\n\t\t\t\t<\/div>\n\t\t\t\t<\/div>\n\t\t\t\t\t<\/div>\n\t\t<\/div>\n\t\t\t\t\t\t\t<\/div>\n\t\t<\/section>\n\t\t\t\t<section class=\"elementor-section elementor-inner-section elementor-element elementor-element-21d6a220 elementor-section-boxed elementor-section-height-default elementor-section-height-default\" data-id=\"21d6a220\" data-element_type=\"section\">\n\t\t\t\t\t\t<div class=\"elementor-container elementor-column-gap-default\">\n\t\t\t\t\t<div class=\"elementor-column elementor-col-100 elementor-inner-column elementor-element elementor-element-707961af\" data-id=\"707961af\" data-element_type=\"column\">\n\t\t\t<div class=\"elementor-widget-wrap elementor-element-populated\">\n\t\t\t\t\t\t\t\t<div class=\"elementor-element elementor-element-9caadb2 elementor-position-left elementor-vertical-align-top elementor-widget elementor-widget-image-box\" data-id=\"9caadb2\" data-element_type=\"widget\" data-widget_type=\"image-box.default\">\n\t\t\t\t<div class=\"elementor-widget-container\">\n\t\t\t<style>\/*! elementor - v3.6.6 - 08-06-2022 *\/\n.elementor-widget-image-box .elementor-image-box-content{width:100%}@media (min-width:768px){.elementor-widget-image-box.elementor-position-left .elementor-image-box-wrapper,.elementor-widget-image-box.elementor-position-right .elementor-image-box-wrapper{display:-webkit-box;display:-ms-flexbox;display:flex}.elementor-widget-image-box.elementor-position-right .elementor-image-box-wrapper{text-align:right;-webkit-box-orient:horizontal;-webkit-box-direction:reverse;-ms-flex-direction:row-reverse;flex-direction:row-reverse}.elementor-widget-image-box.elementor-position-left .elementor-image-box-wrapper{text-align:left;-webkit-box-orient:horizontal;-webkit-box-direction:normal;-ms-flex-direction:row;flex-direction:row}.elementor-widget-image-box.elementor-position-top .elementor-image-box-img{margin:auto}.elementor-widget-image-box.elementor-vertical-align-top .elementor-image-box-wrapper{-webkit-box-align:start;-ms-flex-align:start;align-items:flex-start}.elementor-widget-image-box.elementor-vertical-align-middle .elementor-image-box-wrapper{-webkit-box-align:center;-ms-flex-align:center;align-items:center}.elementor-widget-image-box.elementor-vertical-align-bottom .elementor-image-box-wrapper{-webkit-box-align:end;-ms-flex-align:end;align-items:flex-end}}@media (max-width:767px){.elementor-widget-image-box .elementor-image-box-img{margin-left:auto!important;margin-right:auto!important;margin-bottom:15px}}.elementor-widget-image-box .elementor-image-box-img{display:inline-block}.elementor-widget-image-box .elementor-image-box-title a{color:inherit}.elementor-widget-image-box .elementor-image-box-wrapper{text-align:center}.elementor-widget-image-box .elementor-image-box-description{margin:0}<\/style><div class=\"elementor-image-box-wrapper\"><figure class=\"elementor-image-box-img\"><img loading=\"lazy\" decoding=\"async\" width=\"1140\" height=\"1140\" src=\"https:\/\/bilimdent.com\/wp-content\/uploads\/2025\/04\/WhatsApp-Image-2025-04-10-at-13.42.10.jpeg\" class=\"attachment-full size-full\" alt=\"\" \/><\/figure><div class=\"elementor-image-box-content\"><p class=\"elementor-image-box-description\">Eyl\u00fcl 2020 tarihinde hizmete girmi\u015f olan  Antalya Bilim \u00dcniversitesi BilimDent A\u011f\u0131z ve Di\u015f Sa\u011fl\u0131\u011f\u0131 Uygulama ve Ara\u015ft\u0131rma  Merkezimiz (ADSUAM) , Ekim 2020 de Di\u015f Hekimli\u011fi Fak\u00fcltemizin ilk \u00f6\u011frencilerini almas\u0131yla birlikte yepyeni bir d\u00f6neme girmi\u015ftir. BilimDent ADSUAM olarak di\u015f hekimli\u011finin t\u00fcm dallar\u0131nda ihtiya\u00e7 duyulan sa\u011fl\u0131k hizmetlerini  misyonumuz do\u011frultusunda  hastalar\u0131m\u0131za sunmak ana hedefimizdir. Ulusal ve uluslararas\u0131 geli\u015fmeleri takip ederek, kendimizi s\u00fcrekli yenileyerek, hastalar\u0131m\u0131z\u0131n, \u00f6\u011frencilerimizin ve \u00e7al\u0131\u015fanlar\u0131m\u0131z\u0131n ihtiya\u00e7lar\u0131yla birlikte beklentilerini g\u00f6z \u00f6n\u00fcnde bulundurarak modern bilimin ve teknolojik geli\u015fmelerin \u0131\u015f\u0131\u011f\u0131nda kaliteli bir hizmet sunmak ise misyonumuzdur.  <br> <br>   Kadromuz,  kendi alanlar\u0131nda yetkin,  \u00e7a\u011fda\u015f bilgi ve beceri ile donanm\u0131\u015f, ulusal ve uluslararas\u0131 alanlarda vizyon sahibi doktorlar\u0131m\u0131zdan olu\u015fmakta olup,  g\u00fc\u00e7l\u00fc bir akademik kadro  ile  s\u00fcrekli b\u00fcy\u00fcmekte ve g\u00fc\u00e7lenmekteyiz.  <br> <br> Koruyucu ve \u00f6nleyici tedavileri \u00f6n planda tutarak ulusal ve uluslararas\u0131 hastalar\u0131m\u0131za son teknoloji cihaz ve malzemeler ile donat\u0131lm\u0131\u015f kliniklerimizde etkin bir a\u011f\u0131z ve di\u015f sa\u011fl\u0131\u011f\u0131 hizmeti sunmay\u0131 ama\u00e7lamaktay\u0131z.<br> <br> K\u0131sa s\u00fcrede pek \u00e7ok alanda geli\u015fme g\u00f6stermi\u015f olman\u0131n gururu ve daha nice ba\u015far\u0131lara imza atma \u00fcmidiyle\u2026\u2026 <br> <br>  Ba\u015fhekim <br>\n\u0130.B\u00fclent S\u00dcZER\n<\/p><\/div><\/div>\t\t<\/div>\n\t\t\t\t<\/div>\n\t\t\t\t\t<\/div>\n\t\t<\/div>\n\t\t\t\t\t\t\t<\/div>\n\t\t<\/section>\n\t\t\t\t\t\t\t<\/div>\n\t\t","protected":false},"excerpt":{"rendered":"<p>Ba\u015fhekim Mesaj\u0131 Anasayfa \/ Ba\u015fhekim Mesaj\u0131 Eyl\u00fcl 2020 tarihinde hizmete girmi\u015f olan Antalya Bilim \u00dcniversitesi BilimDent A\u011f\u0131z ve Di\u015f Sa\u011fl\u0131\u011f\u0131 Uygulama ve Ara\u015ft\u0131rma Merkezimiz (ADSUAM) , Ekim 2020 de Di\u015f Hekimli\u011fi Fak\u00fcltemizin ilk \u00f6\u011frencilerini almas\u0131yla birlikte yepyeni bir d\u00f6neme girmi\u015ftir. BilimDent ADSUAM olarak di\u015f hekimli\u011finin t\u00fcm dallar\u0131nda ihtiya\u00e7 duyulan sa\u011fl\u0131k hizmetlerini misyonumuz do\u011frultusunda hastalar\u0131m\u0131za sunmak [&hellip;]<\/p>\n","protected":false},"author":1,"featured_media":0,"parent":0,"menu_order":0,"comment_status":"closed","ping_status":"closed","template":"","meta":{"footnotes":""},"class_list":["post-3175","page","type-page","status-publish","hentry"],"_links":{"self":[{"href":"https:\/\/bilimdent.com\/index.php?rest_route=\/wp\/v2\/pages\/3175","targetHints":{"allow":["GET"]}}],"collection":[{"href":"https:\/\/bilimdent.com\/index.php?rest_route=\/wp\/v2\/pages"}],"about":[{"href":"https:\/\/bilimdent.com\/index.php?rest_route=\/wp\/v2\/types\/page"}],"author":[{"embeddable":true,"href":"https:\/\/bilimdent.com\/index.php?rest_route=\/wp\/v2\/users\/1"}],"replies":[{"embeddable":true,"href":"https:\/\/bilimdent.com\/index.php?rest_route=%2Fwp%2Fv2%2Fcomments&post=3175"}],"version-history":[{"count":14,"href":"https:\/\/bilimdent.com\/index.php?rest_route=\/wp\/v2\/pages\/3175\/revisions"}],"predecessor-version":[{"id":3206,"href":"https:\/\/bilimdent.com\/index.php?rest_route=\/wp\/v2\/pages\/3175\/revisions\/3206"}],"wp:attachment":[{"href":"https:\/\/bilimdent.com\/index.php?rest_route=%2Fwp%2Fv2%2Fmedia&parent=3175"}],"curies":[{"name":"wp","href":"https:\/\/api.w.org\/{rel}","templated":true}]}}