{"id":1385,"date":"2022-09-30T11:50:47","date_gmt":"2022-09-30T08:50:47","guid":{"rendered":"https:\/\/bilimdenttest.antalya.edu.tr\/?page_id=1385"},"modified":"2023-02-08T15:08:13","modified_gmt":"2023-02-08T12:08:13","slug":"dis-implantlari-sonrasi-bakim","status":"publish","type":"page","link":"https:\/\/bilimdent.com\/?page_id=1385&lang=tr","title":{"rendered":"Di\u015f \u0130mplantlar\u0131 Sonras\u0131 Bak\u0131m"},"content":{"rendered":"\t\t<div data-elementor-type=\"wp-page\" data-elementor-id=\"1385\" class=\"elementor elementor-1385\">\n\t\t\t\t\t\t\t\t\t<section class=\"elementor-section elementor-top-section elementor-element elementor-element-3f5463af elementor-section-boxed elementor-section-height-default elementor-section-height-default\" data-id=\"3f5463af\" data-element_type=\"section\" data-settings=\"{&quot;background_background&quot;:&quot;classic&quot;,&quot;shape_divider_bottom&quot;:&quot;curve&quot;,&quot;shape_divider_bottom_negative&quot;:&quot;yes&quot;}\">\n\t\t\t\t\t\t\t<div class=\"elementor-background-overlay\"><\/div>\n\t\t\t\t\t\t<div class=\"elementor-shape elementor-shape-bottom\" data-negative=\"true\">\n\t\t\t<svg xmlns=\"http:\/\/www.w3.org\/2000\/svg\" viewBox=\"0 0 1000 100\" preserveAspectRatio=\"none\">\n\t<path class=\"elementor-shape-fill\" d=\"M500,97C126.7,96.3,0.8,19.8,0,0v100l1000,0V1C1000,19.4,873.3,97.8,500,97z\"\/>\n<\/svg>\t\t<\/div>\n\t\t\t\t\t<div class=\"elementor-container elementor-column-gap-default\">\n\t\t\t\t\t<div class=\"elementor-column elementor-col-100 elementor-top-column elementor-element elementor-element-37f3e3fe animated-slow elementor-invisible\" data-id=\"37f3e3fe\" data-element_type=\"column\" data-settings=\"{&quot;animation&quot;:&quot;fadeInDown&quot;}\">\n\t\t\t<div class=\"elementor-widget-wrap elementor-element-populated\">\n\t\t\t\t\t\t\t\t<div class=\"elementor-element elementor-element-6c78ad2 elementor-widget elementor-widget-heading\" data-id=\"6c78ad2\" data-element_type=\"widget\" data-widget_type=\"heading.default\">\n\t\t\t\t<div class=\"elementor-widget-container\">\n\t\t\t<style>\/*! elementor - v3.6.6 - 08-06-2022 *\/\n.elementor-heading-title{padding:0;margin:0;line-height:1}.elementor-widget-heading .elementor-heading-title[class*=elementor-size-]>a{color:inherit;font-size:inherit;line-height:inherit}.elementor-widget-heading .elementor-heading-title.elementor-size-small{font-size:15px}.elementor-widget-heading .elementor-heading-title.elementor-size-medium{font-size:19px}.elementor-widget-heading .elementor-heading-title.elementor-size-large{font-size:29px}.elementor-widget-heading .elementor-heading-title.elementor-size-xl{font-size:39px}.elementor-widget-heading .elementor-heading-title.elementor-size-xxl{font-size:59px}<\/style><h2 class=\"elementor-heading-title elementor-size-default\">Di\u015f \u0130mplantlar\u0131 Sonras\u0131 Bak\u0131m<\/h2>\t\t<\/div>\n\t\t\t\t<\/div>\n\t\t\t\t<div class=\"elementor-element elementor-element-4350b62c elementor-align-left elementor-widget__width-auto elementor-icon-list--layout-traditional elementor-list-item-link-full_width elementor-widget elementor-widget-icon-list\" data-id=\"4350b62c\" data-element_type=\"widget\" data-widget_type=\"icon-list.default\">\n\t\t\t\t<div class=\"elementor-widget-container\">\n\t\t\t<link rel=\"stylesheet\" href=\"https:\/\/bilimdent.com\/wp-content\/plugins\/elementor\/assets\/css\/widget-icon-list.min.css\">\t\t<ul class=\"elementor-icon-list-items\">\n\t\t\t\t\t\t\t<li class=\"elementor-icon-list-item\">\n\t\t\t\t\t\t\t\t\t\t\t<span class=\"elementor-icon-list-icon\">\n\t\t\t\t\t\t\t<i aria-hidden=\"true\" class=\"fas fa-home\"><\/i>\t\t\t\t\t\t<\/span>\n\t\t\t\t\t\t\t\t\t\t<span class=\"elementor-icon-list-text\">Anasayfa<\/span>\n\t\t\t\t\t\t\t\t\t<\/li>\n\t\t\t\t\t\t<\/ul>\n\t\t\t\t<\/div>\n\t\t\t\t<\/div>\n\t\t\t\t<div class=\"elementor-element elementor-element-4ec8130b elementor-align-left elementor-widget__width-auto elementor-icon-list--layout-traditional elementor-list-item-link-full_width elementor-widget elementor-widget-icon-list\" data-id=\"4ec8130b\" data-element_type=\"widget\" data-widget_type=\"icon-list.default\">\n\t\t\t\t<div class=\"elementor-widget-container\">\n\t\t\t\t\t<ul class=\"elementor-icon-list-items\">\n\t\t\t\t\t\t\t<li class=\"elementor-icon-list-item\">\n\t\t\t\t\t\t\t\t\t\t<span class=\"elementor-icon-list-text\">\/<\/span>\n\t\t\t\t\t\t\t\t\t<\/li>\n\t\t\t\t\t\t<\/ul>\n\t\t\t\t<\/div>\n\t\t\t\t<\/div>\n\t\t\t\t<div class=\"elementor-element elementor-element-73cc01f2 elementor-align-left elementor-widget__width-auto elementor-icon-list--layout-traditional elementor-list-item-link-full_width elementor-widget elementor-widget-icon-list\" data-id=\"73cc01f2\" data-element_type=\"widget\" data-widget_type=\"icon-list.default\">\n\t\t\t\t<div class=\"elementor-widget-container\">\n\t\t\t\t\t<ul class=\"elementor-icon-list-items\">\n\t\t\t\t\t\t\t<li class=\"elementor-icon-list-item\">\n\t\t\t\t\t\t\t\t\t\t<span class=\"elementor-icon-list-text\">Di\u015f \u0130mplantlar\u0131 Sonras\u0131 Bak\u0131m<\/span>\n\t\t\t\t\t\t\t\t\t<\/li>\n\t\t\t\t\t\t<\/ul>\n\t\t\t\t<\/div>\n\t\t\t\t<\/div>\n\t\t\t\t\t<\/div>\n\t\t<\/div>\n\t\t\t\t\t\t\t<\/div>\n\t\t<\/section>\n\t\t\t\t<section class=\"elementor-section elementor-top-section elementor-element elementor-element-b0f2566 elementor-reverse-mobile elementor-section-boxed elementor-section-height-default elementor-section-height-default\" data-id=\"b0f2566\" data-element_type=\"section\" data-settings=\"{&quot;background_background&quot;:&quot;classic&quot;}\">\n\t\t\t\t\t\t<div class=\"elementor-container elementor-column-gap-default\">\n\t\t\t\t\t<div class=\"elementor-column elementor-col-50 elementor-top-column elementor-element elementor-element-799c6263 elementor-invisible\" data-id=\"799c6263\" data-element_type=\"column\" data-settings=\"{&quot;animation&quot;:&quot;fadeInLeft&quot;}\">\n\t\t\t<div class=\"elementor-widget-wrap elementor-element-populated\">\n\t\t\t\t\t\t\t\t<div class=\"elementor-element elementor-element-31659ff elementor-widget elementor-widget-image\" data-id=\"31659ff\" data-element_type=\"widget\" data-widget_type=\"image.default\">\n\t\t\t\t<div class=\"elementor-widget-container\">\n\t\t\t<style>\/*! elementor - v3.6.6 - 08-06-2022 *\/\n.elementor-widget-image{text-align:center}.elementor-widget-image a{display:inline-block}.elementor-widget-image a img[src$=\".svg\"]{width:48px}.elementor-widget-image img{vertical-align:middle;display:inline-block}<\/style>\t\t\t\t\t\t\t\t\t\t\t\t<img loading=\"lazy\" decoding=\"async\" width=\"800\" height=\"800\" src=\"https:\/\/bilimdent.com\/wp-content\/uploads\/2022\/09\/Dis-Implantlari-Sonrasi-Bakim.jpg\" class=\"elementor-animation-shrink attachment-full size-full\" alt=\"\" srcset=\"https:\/\/bilimdent.com\/wp-content\/uploads\/2022\/09\/Dis-Implantlari-Sonrasi-Bakim.jpg 800w, https:\/\/bilimdent.com\/wp-content\/uploads\/2022\/09\/Dis-Implantlari-Sonrasi-Bakim-300x300.jpg 300w, https:\/\/bilimdent.com\/wp-content\/uploads\/2022\/09\/Dis-Implantlari-Sonrasi-Bakim-150x150.jpg 150w, https:\/\/bilimdent.com\/wp-content\/uploads\/2022\/09\/Dis-Implantlari-Sonrasi-Bakim-768x768.jpg 768w\" sizes=\"auto, (max-width: 800px) 100vw, 800px\" \/>\t\t\t\t\t\t\t\t\t\t\t\t\t\t\t<\/div>\n\t\t\t\t<\/div>\n\t\t\t\t\t<\/div>\n\t\t<\/div>\n\t\t\t\t<div class=\"elementor-column elementor-col-50 elementor-top-column elementor-element elementor-element-af935c7 elementor-invisible\" data-id=\"af935c7\" data-element_type=\"column\" data-settings=\"{&quot;animation&quot;:&quot;fadeInRight&quot;,&quot;animation_delay&quot;:200}\">\n\t\t\t<div class=\"elementor-widget-wrap elementor-element-populated\">\n\t\t\t\t\t\t\t\t<div class=\"elementor-element elementor-element-73ae868e elementor-widget__width-auto elementor-widget elementor-widget-heading\" data-id=\"73ae868e\" data-element_type=\"widget\" data-widget_type=\"heading.default\">\n\t\t\t\t<div class=\"elementor-widget-container\">\n\t\t\t<h2 class=\"elementor-heading-title elementor-size-default\">Di\u015f \u0130mplantlar\u0131 Sonras\u0131 Bak\u0131m<\/h2>\t\t<\/div>\n\t\t\t\t<\/div>\n\t\t\t\t<div class=\"elementor-element elementor-element-1ff17554 elementor-view-framed elementor-widget-mobile__width-auto elementor-vertical-align-top elementor-widget elementor-widget-icon-box\" data-id=\"1ff17554\" data-element_type=\"widget\" data-widget_type=\"icon-box.default\">\n\t\t\t\t<div class=\"elementor-widget-container\">\n\t\t\t<link rel=\"stylesheet\" href=\"https:\/\/bilimdent.com\/wp-content\/plugins\/elementor\/assets\/css\/widget-icon-box.min.css\">\t\t<div class=\"elementor-icon-box-wrapper\">\n\t\t\t\t\t\t<div class=\"elementor-icon-box-content\">\n\t\t\t\t<h3 class=\"elementor-icon-box-title\">\n\t\t\t\t\t<span  >\n\t\t\t\t\t\t\t\t\t\t\t<\/span>\n\t\t\t\t<\/h3>\n\t\t\t\t\t\t\t\t\t<p class=\"elementor-icon-box-description\">\n\t\t\t\t\t\tTedaviniz tamamland\u0131ktan sonra biraz a\u011fr\u0131n\u0131z olabilir; Ancak a\u011fz\u0131n\u0131z a\u011fr\u0131yabilece\u011fi i\u00e7in sorun olmaz. Size a\u011fr\u0131 kesiciler veya antibiyotikler re\u00e7ete edildi\u011finden, a\u011fr\u0131yla ba\u015fa \u00e7\u0131kman\u0131za yard\u0131mc\u0131 olduklar\u0131 i\u00e7in bunlar\u0131 d\u00fczenli olarak kullanmaya l\u00fctfen dikkat edin.\t\t\t\t\t<\/p>\n\t\t\t\t\t\t\t<\/div>\n\t\t<\/div>\n\t\t\t\t<\/div>\n\t\t\t\t<\/div>\n\t\t\t\t<div class=\"elementor-element elementor-element-54ff8a60 elementor-view-framed elementor-widget-mobile__width-auto elementor-vertical-align-top elementor-widget elementor-widget-icon-box\" data-id=\"54ff8a60\" data-element_type=\"widget\" data-widget_type=\"icon-box.default\">\n\t\t\t\t<div class=\"elementor-widget-container\">\n\t\t\t\t\t<div class=\"elementor-icon-box-wrapper\">\n\t\t\t\t\t\t<div class=\"elementor-icon-box-content\">\n\t\t\t\t<h3 class=\"elementor-icon-box-title\">\n\t\t\t\t\t<span  >\n\t\t\t\t\t\t\t\t\t\t\t<\/span>\n\t\t\t\t<\/h3>\n\t\t\t\t\t\t\t\t\t<p class=\"elementor-icon-box-description\">\n\t\t\t\t\t\t  Di\u015f \u0130mplantlar\u0131 ile tedaviniz tamamland\u0131ktan sonra, ilk 24 saat m\u00fcmk\u00fcn oldu\u011funca ameliyat b\u00f6lgesine bir paket veya buz k\u00fcpleri \u015feklinde buz uygulaman\u0131z \u015fi\u015fmeyi \u00f6nleyece\u011fi ve yard\u0131mc\u0131 olaca\u011f\u0131 i\u00e7in \u00f6nemlidir. \u015fifadas\u0131n.\t\t\t\t\t<\/p>\n\t\t\t\t\t\t\t<\/div>\n\t\t<\/div>\n\t\t\t\t<\/div>\n\t\t\t\t<\/div>\n\t\t\t\t<div class=\"elementor-element elementor-element-5eca5a5 elementor-view-framed elementor-widget-mobile__width-auto elementor-vertical-align-top elementor-widget elementor-widget-icon-box\" data-id=\"5eca5a5\" data-element_type=\"widget\" data-widget_type=\"icon-box.default\">\n\t\t\t\t<div class=\"elementor-widget-container\">\n\t\t\t\t\t<div class=\"elementor-icon-box-wrapper\">\n\t\t\t\t\t\t<div class=\"elementor-icon-box-content\">\n\t\t\t\t<h3 class=\"elementor-icon-box-title\">\n\t\t\t\t\t<span  >\n\t\t\t\t\t\t\t\t\t\t\t<\/span>\n\t\t\t\t<\/h3>\n\t\t\t\t\t\t\t\t\t<p class=\"elementor-icon-box-description\">\n\t\t\t\t\t\tTuzlu su da \u00f6zellikle ilk hafta iyile\u015fme d\u00f6neminde \u00e7ok faydal\u0131d\u0131r, bu nedenle l\u00fctfen bir bardak \u0131l\u0131k suya bir \u00e7ay ka\u015f\u0131\u011f\u0131 tuz koyun ve m\u00fcmk\u00fcn oldu\u011funca gargara yap\u0131n.\t\t\t\t\t<\/p>\n\t\t\t\t\t\t\t<\/div>\n\t\t<\/div>\n\t\t\t\t<\/div>\n\t\t\t\t<\/div>\n\t\t\t\t<div class=\"elementor-element elementor-element-23cf4f8 elementor-view-framed elementor-widget-mobile__width-auto elementor-vertical-align-top elementor-widget elementor-widget-icon-box\" data-id=\"23cf4f8\" data-element_type=\"widget\" data-widget_type=\"icon-box.default\">\n\t\t\t\t<div class=\"elementor-widget-container\">\n\t\t\t\t\t<div class=\"elementor-icon-box-wrapper\">\n\t\t\t\t\t\t<div class=\"elementor-icon-box-content\">\n\t\t\t\t<h3 class=\"elementor-icon-box-title\">\n\t\t\t\t\t<span  >\n\t\t\t\t\t\t\t\t\t\t\t<\/span>\n\t\t\t\t<\/h3>\n\t\t\t\t\t\t\t\t\t<p class=\"elementor-icon-box-description\">\n\t\t\t\t\t\t\u0130lk hafta di\u015flerinizi f\u0131r\u00e7alamak sizin i\u00e7in zor olabilir, bu nedenle su i\u00e7mek a\u011fz\u0131n\u0131z\u0131 temiz tutman\u0131za yard\u0131mc\u0131 olacakt\u0131r. \u0130lk haftadan sonra gargara kullanabilirsiniz. A\u011f\u0131z \u00e7ok h\u0131zl\u0131 iyile\u015fti\u011fi i\u00e7in a\u011fz\u0131n\u0131z normale d\u00f6nd\u00fc\u011f\u00fcnde tekrar di\u015flerinizi f\u0131r\u00e7alayabilirsiniz.\t\t\t\t\t<\/p>\n\t\t\t\t\t\t\t<\/div>\n\t\t<\/div>\n\t\t\t\t<\/div>\n\t\t\t\t<\/div>\n\t\t\t\t\t<\/div>\n\t\t<\/div>\n\t\t\t\t\t\t\t<\/div>\n\t\t<\/section>\n\t\t\t\t<section class=\"elementor-section elementor-top-section elementor-element elementor-element-8fb26bb elementor-section-boxed elementor-section-height-default elementor-section-height-default\" data-id=\"8fb26bb\" data-element_type=\"section\">\n\t\t\t\t\t\t<div class=\"elementor-container elementor-column-gap-default\">\n\t\t\t\t\t<div class=\"elementor-column elementor-col-100 elementor-top-column elementor-element elementor-element-be7817e\" data-id=\"be7817e\" data-element_type=\"column\">\n\t\t\t<div class=\"elementor-widget-wrap elementor-element-populated\">\n\t\t\t\t\t\t\t\t<div class=\"elementor-element elementor-element-6fff3fd elementor-widget elementor-widget-text-editor\" data-id=\"6fff3fd\" data-element_type=\"widget\" data-widget_type=\"text-editor.default\">\n\t\t\t\t<div class=\"elementor-widget-container\">\n\t\t\t<style>\/*! elementor - v3.6.6 - 08-06-2022 *\/\n.elementor-widget-text-editor.elementor-drop-cap-view-stacked .elementor-drop-cap{background-color:#818a91;color:#fff}.elementor-widget-text-editor.elementor-drop-cap-view-framed .elementor-drop-cap{color:#818a91;border:3px solid;background-color:transparent}.elementor-widget-text-editor:not(.elementor-drop-cap-view-default) .elementor-drop-cap{margin-top:8px}.elementor-widget-text-editor:not(.elementor-drop-cap-view-default) .elementor-drop-cap-letter{width:1em;height:1em}.elementor-widget-text-editor .elementor-drop-cap{float:left;text-align:center;line-height:1;font-size:50px}.elementor-widget-text-editor .elementor-drop-cap-letter{display:inline-block}<\/style>\t\t\t\t<p>\u0130lk 24 saat i\u00e7inde, \u015fi\u015flik seviyesini art\u0131rabilece\u011finden do\u011frudan g\u00fcne\u015f \u0131\u015f\u0131\u011f\u0131ndan ka\u00e7\u0131n\u0131n.<\/p><p>24 saat boyunca s\u0131cak du\u015ftan da ka\u00e7\u0131n\u0131lmal\u0131d\u0131r.<\/p><p>Su enfeksiyona neden olabilece\u011finden deniz ve y\u00fczme havuzundan ka\u00e7\u0131n\u0131n.<\/p><p>L\u00fctfen ilk 48 saat \u00e7ok s\u0131cak veya \u00e7ok so\u011fuk i\u00e7ecekler i\u00e7meyin, aksi halde hassasiyet hissedebilirsiniz.<\/p>\t\t\t\t\t\t<\/div>\n\t\t\t\t<\/div>\n\t\t\t\t\t<\/div>\n\t\t<\/div>\n\t\t\t\t\t\t\t<\/div>\n\t\t<\/section>\n\t\t\t\t\t\t\t<\/div>\n\t\t","protected":false},"excerpt":{"rendered":"<p>Di\u015f \u0130mplantlar\u0131 Sonras\u0131 Bak\u0131m Anasayfa \/ Di\u015f \u0130mplantlar\u0131 Sonras\u0131 Bak\u0131m Di\u015f \u0130mplantlar\u0131 Sonras\u0131 Bak\u0131m Tedaviniz tamamland\u0131ktan sonra biraz a\u011fr\u0131n\u0131z olabilir; Ancak a\u011fz\u0131n\u0131z a\u011fr\u0131yabilece\u011fi i\u00e7in sorun olmaz. Size a\u011fr\u0131 kesiciler veya antibiyotikler re\u00e7ete edildi\u011finden, a\u011fr\u0131yla ba\u015fa \u00e7\u0131kman\u0131za yard\u0131mc\u0131 olduklar\u0131 i\u00e7in bunlar\u0131 d\u00fczenli olarak kullanmaya l\u00fctfen dikkat edin. Di\u015f \u0130mplantlar\u0131 ile tedaviniz tamamland\u0131ktan sonra, ilk 24 saat [&hellip;]<\/p>\n","protected":false},"author":1,"featured_media":0,"parent":0,"menu_order":0,"comment_status":"closed","ping_status":"closed","template":"","meta":{"footnotes":""},"class_list":["post-1385","page","type-page","status-publish","hentry"],"_links":{"self":[{"href":"https:\/\/bilimdent.com\/index.php?rest_route=\/wp\/v2\/pages\/1385","targetHints":{"allow":["GET"]}}],"collection":[{"href":"https:\/\/bilimdent.com\/index.php?rest_route=\/wp\/v2\/pages"}],"about":[{"href":"https:\/\/bilimdent.com\/index.php?rest_route=\/wp\/v2\/types\/page"}],"author":[{"embeddable":true,"href":"https:\/\/bilimdent.com\/index.php?rest_route=\/wp\/v2\/users\/1"}],"replies":[{"embeddable":true,"href":"https:\/\/bilimdent.com\/index.php?rest_route=%2Fwp%2Fv2%2Fcomments&post=1385"}],"version-history":[{"count":6,"href":"https:\/\/bilimdent.com\/index.php?rest_route=\/wp\/v2\/pages\/1385\/revisions"}],"predecessor-version":[{"id":2306,"href":"https:\/\/bilimdent.com\/index.php?rest_route=\/wp\/v2\/pages\/1385\/revisions\/2306"}],"wp:attachment":[{"href":"https:\/\/bilimdent.com\/index.php?rest_route=%2Fwp%2Fv2%2Fmedia&parent=1385"}],"curies":[{"name":"wp","href":"https:\/\/api.w.org\/{rel}","templated":true}]}}