{"id":1022,"date":"2022-09-20T10:01:34","date_gmt":"2022-09-20T07:01:34","guid":{"rendered":"https:\/\/bilimdenttest.antalya.edu.tr\/?page_id=1022"},"modified":"2023-02-08T15:09:06","modified_gmt":"2023-02-08T12:09:06","slug":"sss","status":"publish","type":"page","link":"https:\/\/bilimdent.com\/?page_id=1022&lang=tr","title":{"rendered":"SSS"},"content":{"rendered":"\t\t<div data-elementor-type=\"wp-page\" data-elementor-id=\"1022\" class=\"elementor elementor-1022\">\n\t\t\t\t\t\t\t\t\t<section class=\"elementor-section elementor-top-section elementor-element elementor-element-2ebef2a8 elementor-section-boxed elementor-section-height-default elementor-section-height-default\" data-id=\"2ebef2a8\" data-element_type=\"section\" data-settings=\"{&quot;background_background&quot;:&quot;classic&quot;,&quot;shape_divider_bottom&quot;:&quot;curve&quot;,&quot;shape_divider_bottom_negative&quot;:&quot;yes&quot;}\">\n\t\t\t\t\t\t\t<div class=\"elementor-background-overlay\"><\/div>\n\t\t\t\t\t\t<div class=\"elementor-shape elementor-shape-bottom\" data-negative=\"true\">\n\t\t\t<svg xmlns=\"http:\/\/www.w3.org\/2000\/svg\" viewBox=\"0 0 1000 100\" preserveAspectRatio=\"none\">\n\t<path class=\"elementor-shape-fill\" d=\"M500,97C126.7,96.3,0.8,19.8,0,0v100l1000,0V1C1000,19.4,873.3,97.8,500,97z\"\/>\n<\/svg>\t\t<\/div>\n\t\t\t\t\t<div class=\"elementor-container elementor-column-gap-default\">\n\t\t\t\t\t<div class=\"elementor-column elementor-col-100 elementor-top-column elementor-element elementor-element-57b7c7f8 animated-slow elementor-invisible\" data-id=\"57b7c7f8\" data-element_type=\"column\" data-settings=\"{&quot;animation&quot;:&quot;fadeInDown&quot;}\">\n\t\t\t<div class=\"elementor-widget-wrap elementor-element-populated\">\n\t\t\t\t\t\t\t\t<div class=\"elementor-element elementor-element-7495a547 elementor-widget elementor-widget-heading\" data-id=\"7495a547\" data-element_type=\"widget\" data-widget_type=\"heading.default\">\n\t\t\t\t<div class=\"elementor-widget-container\">\n\t\t\t<style>\/*! elementor - v3.6.6 - 08-06-2022 *\/\n.elementor-heading-title{padding:0;margin:0;line-height:1}.elementor-widget-heading .elementor-heading-title[class*=elementor-size-]>a{color:inherit;font-size:inherit;line-height:inherit}.elementor-widget-heading .elementor-heading-title.elementor-size-small{font-size:15px}.elementor-widget-heading .elementor-heading-title.elementor-size-medium{font-size:19px}.elementor-widget-heading .elementor-heading-title.elementor-size-large{font-size:29px}.elementor-widget-heading .elementor-heading-title.elementor-size-xl{font-size:39px}.elementor-widget-heading .elementor-heading-title.elementor-size-xxl{font-size:59px}<\/style><h2 class=\"elementor-heading-title elementor-size-default\">SSS<\/h2>\t\t<\/div>\n\t\t\t\t<\/div>\n\t\t\t\t<div class=\"elementor-element elementor-element-5e02ed65 elementor-align-left elementor-widget__width-auto elementor-icon-list--layout-traditional elementor-list-item-link-full_width elementor-widget elementor-widget-icon-list\" data-id=\"5e02ed65\" data-element_type=\"widget\" data-widget_type=\"icon-list.default\">\n\t\t\t\t<div class=\"elementor-widget-container\">\n\t\t\t<link rel=\"stylesheet\" href=\"https:\/\/bilimdent.com\/wp-content\/plugins\/elementor\/assets\/css\/widget-icon-list.min.css\">\t\t<ul class=\"elementor-icon-list-items\">\n\t\t\t\t\t\t\t<li class=\"elementor-icon-list-item\">\n\t\t\t\t\t\t\t\t\t\t\t<span class=\"elementor-icon-list-icon\">\n\t\t\t\t\t\t\t<i aria-hidden=\"true\" class=\"fas fa-home\"><\/i>\t\t\t\t\t\t<\/span>\n\t\t\t\t\t\t\t\t\t\t<span class=\"elementor-icon-list-text\">Anasayfa<\/span>\n\t\t\t\t\t\t\t\t\t<\/li>\n\t\t\t\t\t\t<\/ul>\n\t\t\t\t<\/div>\n\t\t\t\t<\/div>\n\t\t\t\t<div class=\"elementor-element elementor-element-b63e040 elementor-align-left elementor-widget__width-auto elementor-icon-list--layout-traditional elementor-list-item-link-full_width elementor-widget elementor-widget-icon-list\" data-id=\"b63e040\" data-element_type=\"widget\" data-widget_type=\"icon-list.default\">\n\t\t\t\t<div class=\"elementor-widget-container\">\n\t\t\t\t\t<ul class=\"elementor-icon-list-items\">\n\t\t\t\t\t\t\t<li class=\"elementor-icon-list-item\">\n\t\t\t\t\t\t\t\t\t\t<span class=\"elementor-icon-list-text\">\/<\/span>\n\t\t\t\t\t\t\t\t\t<\/li>\n\t\t\t\t\t\t<\/ul>\n\t\t\t\t<\/div>\n\t\t\t\t<\/div>\n\t\t\t\t<div class=\"elementor-element elementor-element-71473993 elementor-align-left elementor-widget__width-auto elementor-icon-list--layout-traditional elementor-list-item-link-full_width elementor-widget elementor-widget-icon-list\" data-id=\"71473993\" data-element_type=\"widget\" data-widget_type=\"icon-list.default\">\n\t\t\t\t<div class=\"elementor-widget-container\">\n\t\t\t\t\t<ul class=\"elementor-icon-list-items\">\n\t\t\t\t\t\t\t<li class=\"elementor-icon-list-item\">\n\t\t\t\t\t\t\t\t\t\t\t<span class=\"elementor-icon-list-icon\">\n\t\t\t\t\t\t\t<i aria-hidden=\"true\" class=\"fas fa-question-circle\"><\/i>\t\t\t\t\t\t<\/span>\n\t\t\t\t\t\t\t\t\t\t<span class=\"elementor-icon-list-text\">SSS<\/span>\n\t\t\t\t\t\t\t\t\t<\/li>\n\t\t\t\t\t\t<\/ul>\n\t\t\t\t<\/div>\n\t\t\t\t<\/div>\n\t\t\t\t\t<\/div>\n\t\t<\/div>\n\t\t\t\t\t\t\t<\/div>\n\t\t<\/section>\n\t\t\t\t<section class=\"elementor-section elementor-top-section elementor-element elementor-element-58b3ca1a elementor-reverse-mobile elementor-section-boxed elementor-section-height-default elementor-section-height-default\" data-id=\"58b3ca1a\" data-element_type=\"section\" data-settings=\"{&quot;background_background&quot;:&quot;classic&quot;}\">\n\t\t\t\t\t\t<div class=\"elementor-container elementor-column-gap-default\">\n\t\t\t\t\t<div class=\"elementor-column elementor-col-100 elementor-top-column elementor-element elementor-element-6cf4fb56 elementor-invisible\" data-id=\"6cf4fb56\" data-element_type=\"column\" data-settings=\"{&quot;animation&quot;:&quot;fadeInRight&quot;,&quot;animation_delay&quot;:200}\">\n\t\t\t<div class=\"elementor-widget-wrap elementor-element-populated\">\n\t\t\t\t\t\t\t\t<div class=\"elementor-element elementor-element-7763516e elementor-widget__width-auto elementor-widget elementor-widget-heading\" data-id=\"7763516e\" data-element_type=\"widget\" data-widget_type=\"heading.default\">\n\t\t\t\t<div class=\"elementor-widget-container\">\n\t\t\t<h2 class=\"elementor-heading-title elementor-size-default\">S\u0131k\u00e7a Sorulan Sorular?\u200b<\/h2>\t\t<\/div>\n\t\t\t\t<\/div>\n\t\t\t\t\t<\/div>\n\t\t<\/div>\n\t\t\t\t\t\t\t<\/div>\n\t\t<\/section>\n\t\t\t\t<section class=\"elementor-section elementor-top-section elementor-element elementor-element-0eeb526 elementor-section-boxed elementor-section-height-default elementor-section-height-default\" data-id=\"0eeb526\" data-element_type=\"section\">\n\t\t\t\t\t\t<div class=\"elementor-container elementor-column-gap-default\">\n\t\t\t\t\t<div class=\"elementor-column elementor-col-100 elementor-top-column elementor-element elementor-element-b9aa460\" data-id=\"b9aa460\" data-element_type=\"column\">\n\t\t\t<div class=\"elementor-widget-wrap elementor-element-populated\">\n\t\t\t\t\t\t\t\t<div class=\"elementor-element elementor-element-700cd6b elementor-widget elementor-widget-accordion\" data-id=\"700cd6b\" data-element_type=\"widget\" data-widget_type=\"accordion.default\">\n\t\t\t\t<div class=\"elementor-widget-container\">\n\t\t\t<style>\/*! elementor - v3.6.6 - 08-06-2022 *\/\n.elementor-accordion{text-align:left}.elementor-accordion .elementor-accordion-item{border:1px solid #d4d4d4}.elementor-accordion .elementor-accordion-item+.elementor-accordion-item{border-top:none}.elementor-accordion .elementor-tab-title{margin:0;padding:15px 20px;font-weight:700;line-height:1;cursor:pointer;outline:none}.elementor-accordion .elementor-tab-title .elementor-accordion-icon{display:inline-block;width:1.5em}.elementor-accordion .elementor-tab-title .elementor-accordion-icon svg{width:1em;height:1em}.elementor-accordion .elementor-tab-title .elementor-accordion-icon.elementor-accordion-icon-right{float:right;text-align:right}.elementor-accordion .elementor-tab-title .elementor-accordion-icon.elementor-accordion-icon-left{float:left;text-align:left}.elementor-accordion .elementor-tab-title .elementor-accordion-icon .elementor-accordion-icon-closed{display:block}.elementor-accordion .elementor-tab-title .elementor-accordion-icon .elementor-accordion-icon-opened,.elementor-accordion .elementor-tab-title.elementor-active .elementor-accordion-icon-closed{display:none}.elementor-accordion .elementor-tab-title.elementor-active .elementor-accordion-icon-opened{display:block}.elementor-accordion .elementor-tab-content{display:none;padding:15px 20px;border-top:1px solid #d4d4d4}@media (max-width:767px){.elementor-accordion .elementor-tab-title{padding:12px 15px}.elementor-accordion .elementor-tab-title .elementor-accordion-icon{width:1.2em}.elementor-accordion .elementor-tab-content{padding:7px 15px}}<\/style>\t\t<div class=\"elementor-accordion\" role=\"tablist\">\n\t\t\t\t\t\t\t<div class=\"elementor-accordion-item\">\n\t\t\t\t\t<div id=\"elementor-tab-title-1171\" class=\"elementor-tab-title\" data-tab=\"1\" role=\"tab\" aria-controls=\"elementor-tab-content-1171\" aria-expanded=\"false\">\n\t\t\t\t\t\t\t\t\t\t\t\t\t<span class=\"elementor-accordion-icon elementor-accordion-icon-left\" aria-hidden=\"true\">\n\t\t\t\t\t\t\t\t\t\t\t\t\t\t\t<span class=\"elementor-accordion-icon-closed\"><i class=\"fas fa-plus\"><\/i><\/span>\n\t\t\t\t\t\t\t\t<span class=\"elementor-accordion-icon-opened\"><i class=\"fas fa-minus\"><\/i><\/span>\n\t\t\t\t\t\t\t\t\t\t\t\t\t\t<\/span>\n\t\t\t\t\t\t\t\t\t\t\t\t<a class=\"elementor-accordion-title\" href=\"\">Dental Kronlar (T\u00fcm Kaplamalar) veya Laminat Kaplamalar<\/a>\n\t\t\t\t\t<\/div>\n\t\t\t\t\t<div id=\"elementor-tab-content-1171\" class=\"elementor-tab-content elementor-clearfix\" data-tab=\"1\" role=\"tabpanel\" aria-labelledby=\"elementor-tab-title-1171\"><p>1. Di\u015f Kronlar\u0131m\/T\u00fcm Kaplamalar veya Laminat Kaplamalar i\u00e7in hangi renkleri \u00f6nerebilirsiniz?<\/p><p>Klinikte eri\u015filebilen 16&#8217;dan fazla di\u015f rengi vard\u0131r. Hollywood beyaz\u0131ndan do\u011fal beyaza uzanan t\u00fcm tonlara, son derece normal g\u00f6r\u00fcnen daha g\u00f6ze \u00e7arpmayan di\u015f renkleriyle birlikte eri\u015filebilir. Renk, plan ve genel estetik ile ilgili t\u00fcm alternatifler g\u00f6r\u00fc\u015fmeniz s\u0131ras\u0131nda detayl\u0131 olarak tart\u0131\u015f\u0131lacak ve di\u015f rengine olan e\u011filiminiz konusunda son karar sizin olacakt\u0131r.<\/p><p>2. Klinikte yap\u0131lacak i\u015flemi anlat\u0131r m\u0131s\u0131n\u0131z?<\/p><p>Dental Kronlar (T\u00fcm Kaplamalar) veya Laminate Veneers tedavisi 3 randevuda tamamlanabilir. \u0130lk randevunuzda Panoramik R\u00f6ntgeniniz \u00e7ekilecek ve di\u015f hekimlerinizle di\u015f tedaviniz i\u00e7in uygun t\u00fcm se\u00e7eneklerin sizinle tart\u0131\u015f\u0131laca\u011f\u0131 bir kons\u00fcltasyon yap\u0131lacakt\u0131r. \u0130kinci randevunuzda di\u015f hekiminiz, di\u015flerinizin sunumunu \u0131s\u0131rman\u0131zla birlikte kontrol etmek i\u00e7in yepyeni di\u015flerinizi deneyecektir. Son randevunuzda di\u015f hekiminiz \u0131s\u0131rman\u0131z\u0131 tekrar kontrol edecek ve yeni di\u015flerinizin tam olarak oturdu\u011fundan emin olacakt\u0131r.<\/p><p>3. Di\u015f Kronlar\u0131\/T\u00fcm Kaplamalar veya Laminat Kaplamalar i\u00e7in di\u015f tedavimi ka\u00e7 g\u00fcnde tamamlamam gerekiyor?<\/p><p>Di\u015f Kronlar\u0131\/T\u00fcm Kaplamalar veya Laminat Kaplamalar ile di\u015f tedavisi planlayan hastalar\u0131n geli\u015f ve gidi\u015f g\u00fcnleri hari\u00e7 7 g\u00fcnl\u00fck bir tatil i\u00e7in seyahat etmeleri tavsiye edilir. 7 g\u00fcnl\u00fck bir tatilde, tedavinizi tamamlamak i\u00e7in yakla\u015f\u0131k 3 di\u015f randevunuz olacak ve bu da bize yeterli zaman sa\u011flayacakt\u0131r.<\/p><\/div>\n\t\t\t\t<\/div>\n\t\t\t\t\t\t\t<div class=\"elementor-accordion-item\">\n\t\t\t\t\t<div id=\"elementor-tab-title-1172\" class=\"elementor-tab-title\" data-tab=\"2\" role=\"tab\" aria-controls=\"elementor-tab-content-1172\" aria-expanded=\"false\">\n\t\t\t\t\t\t\t\t\t\t\t\t\t<span class=\"elementor-accordion-icon elementor-accordion-icon-left\" aria-hidden=\"true\">\n\t\t\t\t\t\t\t\t\t\t\t\t\t\t\t<span class=\"elementor-accordion-icon-closed\"><i class=\"fas fa-plus\"><\/i><\/span>\n\t\t\t\t\t\t\t\t<span class=\"elementor-accordion-icon-opened\"><i class=\"fas fa-minus\"><\/i><\/span>\n\t\t\t\t\t\t\t\t\t\t\t\t\t\t<\/span>\n\t\t\t\t\t\t\t\t\t\t\t\t<a class=\"elementor-accordion-title\" href=\"\">Di\u015f \u0130mplant\u0131<\/a>\n\t\t\t\t\t<\/div>\n\t\t\t\t\t<div id=\"elementor-tab-content-1172\" class=\"elementor-tab-content elementor-clearfix\" data-tab=\"2\" role=\"tabpanel\" aria-labelledby=\"elementor-tab-title-1172\"><p>1. Di\u015f \u0130mplantlar\u0131m i\u00e7in T\u00fcrkiye&#8217;ye ka\u00e7 kez gelmem gerekiyor?<\/p><p>Dental \u0130mplant ile di\u015f tedavisi T\u00fcrkiye&#8217;ye 2 ayr\u0131 ziyarette tamamlanabilir. \u0130lk ziyaretinizde geli\u015f ve gidi\u015f g\u00fcnleriniz hari\u00e7 7 g\u00fcnl\u00fck bir tatil i\u00e7in seyahat etmeniz tavsiye edilir ve 2. ziyaretiniz i\u00e7in ne zaman gelmeniz gerekti\u011fine dair zaman \u00e7er\u00e7evesi klini\u011fe geldi\u011finizde belirlenir.<\/p><p>2. Di\u015fimi\/di\u015flerimi \u00e7ektirirken ayn\u0131 anda \u0130mplant yerle\u015ftirebilir miyim?<\/p><p>\u00c7o\u011fu durumda, hastalar\u0131n \u00e7ekime ihtiyac\u0131 oldu\u011funda ve Di\u015f \u0130mplantlar\u0131 ile devam etmek istediklerinde, di\u015finizin\/di\u015flerinizin \u00e7ekiminin ard\u0131ndan Di\u015f \u0130mplant(lar)\u0131 yerle\u015ftirilebilir.<\/p><p>3. T\u00fcm\u00fcn\u00fc 4 \u0130mplantta m\u0131 Sunuyorsunuz?<\/p><p>Evet, klinik All on 4 \u0130mplant sunuyor. Tam di\u015f kayb\u0131 olan hastalarda geleneksel implant tedavisinin m\u00fcmk\u00fcn olmad\u0131\u011f\u0131 durumlarda ve \u00e7ok fazla kemik erimesi oldu\u011funda ki\u015fiye \u00f6zel a\u00e7\u0131l\u0131 implantlar ve \u00f6zel konekt\u00f6rler kullan\u0131larak olu\u015fturulan \u00f6zel protezlerdir. \u0130mplant ameliyat\u0131n\u0131n hemen ard\u0131ndan uygulanan ge\u00e7ici sabit protezler sayesinde hastalar tek seansta di\u015flerine kavu\u015fabilmektedir. Tedavinin T\u00fcrkiye&#8217;ye tek bir ziyarette sa\u011flan\u0131p sa\u011flanamayaca\u011f\u0131na dair nihai onay, ancak Estetik Di\u015f Hekimi taraf\u0131ndan yap\u0131lan s\u00f6zl\u00fc muayene sonras\u0131nda teyit edilebilir.<\/p><p>4. Sedasyon \u00f6neriyor musunuz?<\/p><p>Evet, klinikte di\u015f hekimi veya di\u015f hekimli\u011fi korkusu olan hastalara yard\u0131mc\u0131 olmak i\u00e7in genel anestezi olarak da bilinen sedasyon sunulmaktad\u0131r.<\/p><\/div>\n\t\t\t\t<\/div>\n\t\t\t\t\t\t\t<div class=\"elementor-accordion-item\">\n\t\t\t\t\t<div id=\"elementor-tab-title-1173\" class=\"elementor-tab-title\" data-tab=\"3\" role=\"tab\" aria-controls=\"elementor-tab-content-1173\" aria-expanded=\"false\">\n\t\t\t\t\t\t\t\t\t\t\t\t\t<span class=\"elementor-accordion-icon elementor-accordion-icon-left\" aria-hidden=\"true\">\n\t\t\t\t\t\t\t\t\t\t\t\t\t\t\t<span class=\"elementor-accordion-icon-closed\"><i class=\"fas fa-plus\"><\/i><\/span>\n\t\t\t\t\t\t\t\t<span class=\"elementor-accordion-icon-opened\"><i class=\"fas fa-minus\"><\/i><\/span>\n\t\t\t\t\t\t\t\t\t\t\t\t\t\t<\/span>\n\t\t\t\t\t\t\t\t\t\t\t\t<a class=\"elementor-accordion-title\" href=\"\">Profesyonel Di\u015f Beyazlatma<\/a>\n\t\t\t\t\t<\/div>\n\t\t\t\t\t<div id=\"elementor-tab-content-1173\" class=\"elementor-tab-content elementor-clearfix\" data-tab=\"3\" role=\"tabpanel\" aria-labelledby=\"elementor-tab-title-1173\"><p>1.Ofiste Phillips Zoom\u00ae\ufe0f Profesyonel Di\u015f Beyazlatma Nedir?<\/p><p>Philips Zoom\u00ae\ufe0f Profesyonel Di\u015f Beyazlatma, g\u00fcl\u00fcmseme hatt\u0131n\u0131n sunumunu beyazlatmak isteyen hastalar i\u00e7in kullan\u0131labilecek en son teknolojidir. Geleneksel Di\u015f Beyazlatma y\u00f6ntemlerinden farkl\u0131 olarak, Philips Zoom\u00ae\ufe0f Profesyonel Di\u015f Beyazlatma, jelin di\u015fleri h\u0131zla beyazlamas\u0131n\u0131 ve Amorf Kalsiyum Fosfat&#8217;\u0131n (ACP) di\u015f minesinin korunmas\u0131na yard\u0131mc\u0131 olmas\u0131n\u0131, di\u015flerinizi parlamas\u0131n\u0131 ve di\u015flerin parlamas\u0131n\u0131 da i\u00e7eren Mavi LED \u0131\u015f\u0131k h\u0131zland\u0131rmal\u0131 bir teknolojidir. duyarl\u0131l\u0131k. Di\u015f tedavisini Ofiste Philips Zoom\u00ae\ufe0f Profesyonel Di\u015f Beyazlatma ile yapt\u0131ran hastalar\u0131m\u0131z\u0131n \u00e7o\u011funda g\u00fcl\u00fcmseme \u00e7izgilerinde g\u00f6zle g\u00f6r\u00fcl\u00fcr renk de\u011fi\u015fiklikleri oldu.<\/p><p>2. Lazerle Di\u015f Beyazlatma i\u015fleminden sonra daha hassas hissedecek miyim yoksa di\u015flerim zarar g\u00f6recek mi?<\/p><p>Di\u015f hekimi ekibi kalifiye oldu\u011fu i\u00e7in Di\u015f Beyazlatma tedavisi di\u015flerinize zarar vermez. Birka\u00e7 g\u00fcn hassasiyet hissetmeniz normaldir ancak ge\u00e7ici olacakt\u0131r.<\/p><\/div>\n\t\t\t\t<\/div>\n\t\t\t\t\t\t\t\t<\/div>\n\t\t\t\t<\/div>\n\t\t\t\t<\/div>\n\t\t\t\t\t<\/div>\n\t\t<\/div>\n\t\t\t\t\t\t\t<\/div>\n\t\t<\/section>\n\t\t\t\t\t\t\t<\/div>\n\t\t","protected":false},"excerpt":{"rendered":"<p>SSS Anasayfa \/ SSS S\u0131k\u00e7a Sorulan Sorular?\u200b Dental Kronlar (T\u00fcm Kaplamalar) veya Laminat Kaplamalar 1. Di\u015f Kronlar\u0131m\/T\u00fcm Kaplamalar veya Laminat Kaplamalar i\u00e7in hangi renkleri \u00f6nerebilirsiniz? Klinikte eri\u015filebilen 16&#8217;dan fazla di\u015f rengi vard\u0131r. Hollywood beyaz\u0131ndan do\u011fal beyaza uzanan t\u00fcm tonlara, son derece normal g\u00f6r\u00fcnen daha g\u00f6ze \u00e7arpmayan di\u015f renkleriyle birlikte eri\u015filebilir. Renk, plan ve genel estetik [&hellip;]<\/p>\n","protected":false},"author":1,"featured_media":0,"parent":0,"menu_order":0,"comment_status":"closed","ping_status":"closed","template":"","meta":{"footnotes":""},"class_list":["post-1022","page","type-page","status-publish","hentry"],"_links":{"self":[{"href":"https:\/\/bilimdent.com\/index.php?rest_route=\/wp\/v2\/pages\/1022","targetHints":{"allow":["GET"]}}],"collection":[{"href":"https:\/\/bilimdent.com\/index.php?rest_route=\/wp\/v2\/pages"}],"about":[{"href":"https:\/\/bilimdent.com\/index.php?rest_route=\/wp\/v2\/types\/page"}],"author":[{"embeddable":true,"href":"https:\/\/bilimdent.com\/index.php?rest_route=\/wp\/v2\/users\/1"}],"replies":[{"embeddable":true,"href":"https:\/\/bilimdent.com\/index.php?rest_route=%2Fwp%2Fv2%2Fcomments&post=1022"}],"version-history":[{"count":13,"href":"https:\/\/bilimdent.com\/index.php?rest_route=\/wp\/v2\/pages\/1022\/revisions"}],"predecessor-version":[{"id":2312,"href":"https:\/\/bilimdent.com\/index.php?rest_route=\/wp\/v2\/pages\/1022\/revisions\/2312"}],"wp:attachment":[{"href":"https:\/\/bilimdent.com\/index.php?rest_route=%2Fwp%2Fv2%2Fmedia&parent=1022"}],"curies":[{"name":"wp","href":"https:\/\/api.w.org\/{rel}","templated":true}]}}